{"id":167,"date":"2023-12-15T13:27:16","date_gmt":"2023-12-15T12:27:16","guid":{"rendered":"https:\/\/mirapier.fr\/?page_id=167"},"modified":"2024-04-17T13:31:45","modified_gmt":"2024-04-17T11:31:45","slug":"nos-autres-prestations","status":"publish","type":"page","link":"https:\/\/salonsdumirapier.com\/index.php\/nos-autres-prestations\/","title":{"rendered":"Nos autres prestations"},"content":{"rendered":"\n<p><\/p>\n\n\n\n<p class=\"has-text-align-center\">Nous sommes sp\u00e9cialis\u00e9s dans la planification et l&rsquo;ex\u00e9cution d&rsquo;\u00e9v\u00e9nements vari\u00e9s, le tout con\u00e7u avec une approche individualis\u00e9e pour garantir une exp\u00e9rience unique.<\/p>\n\n\n\n<p><\/p>\n\n\n\n<p><\/p>\n\n\n\n<p><\/p>\n\n\n\n<p class=\"has-text-align-center\"><strong>Bapt\u00eame<\/strong> <strong>\/<\/strong> <strong>Communion<\/strong><\/p>\n\n\n\n<p><\/p>\n\n\n\n<figure class=\"wp-block-gallery has-nested-images columns-default is-cropped wp-block-gallery-1 is-layout-flex wp-block-gallery-is-layout-flex\">\n<figure class=\"wp-block-image size-large\"><img loading=\"lazy\" decoding=\"async\" width=\"1024\" height=\"681\" data-id=\"42\" src=\"https:\/\/mirapier.fr\/wp-content\/uploads\/2023\/12\/Capture-decran-2023-12-13-a-23.30.06-1024x681.png\" alt=\"\" class=\"wp-image-42\" srcset=\"https:\/\/salonsdumirapier.com\/wp-content\/uploads\/2023\/12\/Capture-decran-2023-12-13-a-23.30.06-1024x681.png 1024w, https:\/\/salonsdumirapier.com\/wp-content\/uploads\/2023\/12\/Capture-decran-2023-12-13-a-23.30.06-300x200.png 300w, https:\/\/salonsdumirapier.com\/wp-content\/uploads\/2023\/12\/Capture-decran-2023-12-13-a-23.30.06-768x511.png 768w, https:\/\/salonsdumirapier.com\/wp-content\/uploads\/2023\/12\/Capture-decran-2023-12-13-a-23.30.06-1536x1022.png 1536w, https:\/\/salonsdumirapier.com\/wp-content\/uploads\/2023\/12\/Capture-decran-2023-12-13-a-23.30.06-2048x1362.png 2048w, https:\/\/salonsdumirapier.com\/wp-content\/uploads\/2023\/12\/Capture-decran-2023-12-13-a-23.30.06-90x60.png 90w\" sizes=\"(max-width: 706px) 89vw, (max-width: 767px) 82vw, 740px\" \/><\/figure>\n\n\n\n<figure class=\"wp-block-image size-large\"><img loading=\"lazy\" decoding=\"async\" width=\"1024\" height=\"683\" data-id=\"39\" src=\"https:\/\/mirapier.fr\/wp-content\/uploads\/2023\/12\/link_bapteme-1024x683.jpg\" alt=\"\" class=\"wp-image-39\" srcset=\"https:\/\/salonsdumirapier.com\/wp-content\/uploads\/2023\/12\/link_bapteme-1024x683.jpg 1024w, https:\/\/salonsdumirapier.com\/wp-content\/uploads\/2023\/12\/link_bapteme-300x200.jpg 300w, https:\/\/salonsdumirapier.com\/wp-content\/uploads\/2023\/12\/link_bapteme-768x512.jpg 768w, https:\/\/salonsdumirapier.com\/wp-content\/uploads\/2023\/12\/link_bapteme-1536x1024.jpg 1536w, https:\/\/salonsdumirapier.com\/wp-content\/uploads\/2023\/12\/link_bapteme-2048x1365.jpg 2048w, https:\/\/salonsdumirapier.com\/wp-content\/uploads\/2023\/12\/link_bapteme-90x60.jpg 90w\" sizes=\"(max-width: 706px) 89vw, (max-width: 767px) 82vw, 740px\" \/><\/figure>\n<\/figure>\n\n\n\n<p><\/p>\n\n\n\n<p class=\"has-text-align-center\"><strong>Anniversaire<\/strong><\/p>\n\n\n\n<figure class=\"wp-block-gallery has-nested-images columns-default is-cropped wp-block-gallery-2 is-layout-flex wp-block-gallery-is-layout-flex\">\n<figure class=\"wp-block-image size-large\"><img loading=\"lazy\" decoding=\"async\" width=\"1024\" height=\"682\" data-id=\"237\" src=\"https:\/\/mirapier.fr\/wp-content\/uploads\/2024\/01\/22-05-21-IC-158-1.jpg\" alt=\"\" class=\"wp-image-237\" srcset=\"https:\/\/salonsdumirapier.com\/wp-content\/uploads\/2024\/01\/22-05-21-IC-158-1.jpg 1024w, https:\/\/salonsdumirapier.com\/wp-content\/uploads\/2024\/01\/22-05-21-IC-158-1-300x200.jpg 300w, https:\/\/salonsdumirapier.com\/wp-content\/uploads\/2024\/01\/22-05-21-IC-158-1-768x512.jpg 768w, https:\/\/salonsdumirapier.com\/wp-content\/uploads\/2024\/01\/22-05-21-IC-158-1-90x60.jpg 90w\" sizes=\"(max-width: 706px) 89vw, (max-width: 767px) 82vw, 740px\" \/><\/figure>\n\n\n\n<figure class=\"wp-block-image size-large\"><img loading=\"lazy\" decoding=\"async\" width=\"1024\" height=\"682\" data-id=\"239\" src=\"https:\/\/mirapier.fr\/wp-content\/uploads\/2024\/01\/22-05-21-IC-190-1.jpg\" alt=\"\" class=\"wp-image-239\" srcset=\"https:\/\/salonsdumirapier.com\/wp-content\/uploads\/2024\/01\/22-05-21-IC-190-1.jpg 1024w, https:\/\/salonsdumirapier.com\/wp-content\/uploads\/2024\/01\/22-05-21-IC-190-1-300x200.jpg 300w, https:\/\/salonsdumirapier.com\/wp-content\/uploads\/2024\/01\/22-05-21-IC-190-1-768x512.jpg 768w, https:\/\/salonsdumirapier.com\/wp-content\/uploads\/2024\/01\/22-05-21-IC-190-1-90x60.jpg 90w\" sizes=\"(max-width: 706px) 89vw, (max-width: 767px) 82vw, 740px\" \/><\/figure>\n<\/figure>\n\n\n\n<p><\/p>\n\n\n\n<p class=\"has-text-align-center\"><strong>Comit\u00e9 d&rsquo;entreprise<\/strong><\/p>\n\n\n\n<figure class=\"wp-block-gallery has-nested-images columns-default is-cropped wp-block-gallery-3 is-layout-flex wp-block-gallery-is-layout-flex\">\n<figure class=\"wp-block-image size-full\"><img loading=\"lazy\" decoding=\"async\" width=\"2560\" height=\"1703\" data-id=\"243\" src=\"https:\/\/mirapier.fr\/wp-content\/uploads\/2024\/01\/1045-scaled.jpg\" alt=\"\" class=\"wp-image-243\" srcset=\"https:\/\/salonsdumirapier.com\/wp-content\/uploads\/2024\/01\/1045-scaled.jpg 2560w, https:\/\/salonsdumirapier.com\/wp-content\/uploads\/2024\/01\/1045-300x200.jpg 300w, https:\/\/salonsdumirapier.com\/wp-content\/uploads\/2024\/01\/1045-1024x681.jpg 1024w, https:\/\/salonsdumirapier.com\/wp-content\/uploads\/2024\/01\/1045-768x511.jpg 768w, https:\/\/salonsdumirapier.com\/wp-content\/uploads\/2024\/01\/1045-1536x1022.jpg 1536w, https:\/\/salonsdumirapier.com\/wp-content\/uploads\/2024\/01\/1045-2048x1363.jpg 2048w, https:\/\/salonsdumirapier.com\/wp-content\/uploads\/2024\/01\/1045-90x60.jpg 90w\" sizes=\"(max-width: 706px) 89vw, (max-width: 767px) 82vw, 740px\" \/><\/figure>\n\n\n\n<figure class=\"wp-block-image size-full\"><img loading=\"lazy\" decoding=\"async\" width=\"880\" height=\"303\" data-id=\"93\" src=\"http:\/\/mirapier.fr\/wp-content\/uploads\/2023\/12\/cropped-home-picture-scaled-1.jpg\" alt=\"\" class=\"wp-image-93\" srcset=\"https:\/\/salonsdumirapier.com\/wp-content\/uploads\/2023\/12\/cropped-home-picture-scaled-1.jpg 880w, https:\/\/salonsdumirapier.com\/wp-content\/uploads\/2023\/12\/cropped-home-picture-scaled-1-300x103.jpg 300w, https:\/\/salonsdumirapier.com\/wp-content\/uploads\/2023\/12\/cropped-home-picture-scaled-1-768x264.jpg 768w, https:\/\/salonsdumirapier.com\/wp-content\/uploads\/2023\/12\/cropped-home-picture-scaled-1-174x60.jpg 174w\" sizes=\"(max-width: 706px) 89vw, (max-width: 767px) 82vw, 740px\" \/><\/figure>\n<\/figure>\n\n\n\n<p><\/p>\n\n\n\n<p><\/p>\n\n\n\n<p class=\"has-text-align-center\">N&rsquo;h\u00e9sitez pas \u00e0 nous contacter pour obtenir davantage d&rsquo;informations sur la gamme de services que nous proposons.<\/p>\n\n\n\n<p class=\"has-text-align-center\"><br><span class='mb-center maxbutton-1-center'><span class='maxbutton-1-container mb-container'><a class=\"maxbutton-1 maxbutton maxbutton-appelez-nous\" title=\"Contactez-nous !\" href=\"\/index.php\/nous-contacter\/\"><span class='mb-text'>Vous souhaitez avoir plus de renseignements ?<\/span><\/a><\/span><\/span><\/p>\n","protected":false},"excerpt":{"rendered":"<p>Nous sommes sp\u00e9cialis\u00e9s dans la planification et l&rsquo;ex\u00e9cution d&rsquo;\u00e9v\u00e9nements vari\u00e9s, le tout con\u00e7u avec une approche individualis\u00e9e pour garantir une exp\u00e9rience unique. Bapt\u00eame \/ Communion Anniversaire Comit\u00e9 d&rsquo;entreprise N&rsquo;h\u00e9sitez pas \u00e0 nous contacter pour obtenir davantage d&rsquo;informations sur la gamme de services que nous proposons.<\/p>\n","protected":false},"author":1,"featured_media":0,"parent":0,"menu_order":0,"comment_status":"closed","ping_status":"closed","template":"","meta":{"saved_in_kubio":false,"two_page_speed":[],"footnotes":""},"class_list":["post-167","page","type-page","status-publish","hentry"],"kubio_ai_page_context":{"short_desc":"","purpose":"general"},"_links":{"self":[{"href":"https:\/\/salonsdumirapier.com\/index.php\/wp-json\/wp\/v2\/pages\/167","targetHints":{"allow":["GET"]}}],"collection":[{"href":"https:\/\/salonsdumirapier.com\/index.php\/wp-json\/wp\/v2\/pages"}],"about":[{"href":"https:\/\/salonsdumirapier.com\/index.php\/wp-json\/wp\/v2\/types\/page"}],"author":[{"embeddable":true,"href":"https:\/\/salonsdumirapier.com\/index.php\/wp-json\/wp\/v2\/users\/1"}],"replies":[{"embeddable":true,"href":"https:\/\/salonsdumirapier.com\/index.php\/wp-json\/wp\/v2\/comments?post=167"}],"version-history":[{"count":9,"href":"https:\/\/salonsdumirapier.com\/index.php\/wp-json\/wp\/v2\/pages\/167\/revisions"}],"predecessor-version":[{"id":305,"href":"https:\/\/salonsdumirapier.com\/index.php\/wp-json\/wp\/v2\/pages\/167\/revisions\/305"}],"wp:attachment":[{"href":"https:\/\/salonsdumirapier.com\/index.php\/wp-json\/wp\/v2\/media?parent=167"}],"curies":[{"name":"wp","href":"https:\/\/api.w.org\/{rel}","templated":true}]}}